{"id":40600,"date":"2019-09-01T00:00:34","date_gmt":"2019-09-01T00:00:34","guid":{"rendered":"https:\/\/soplacas.com\/es\/?page_id=40600"},"modified":"2019-11-04T14:33:57","modified_gmt":"2019-11-04T14:33:57","slug":"home","status":"publish","type":"page","link":"https:\/\/soplacas.com\/es\/","title":{"rendered":"Home"},"content":{"rendered":"<p>[et_pb_section fb_built=&#8221;1&#8243; _builder_version=&#8221;3.22.3&#8243; custom_margin=&#8221;0px||0px||true&#8221; custom_padding=&#8221;0px||0px||true&#8221; locked=&#8221;off&#8221; fb_built=&#8221;1&#8243; _i=&#8221;0&#8243; _address=&#8221;0&#8243;][et_pb_row use_custom_gutter=&#8221;on&#8221; gutter_width=&#8221;1&#8243; module_class=&#8221; et_pb_row_fullwidth&#8221; _builder_version=&#8221;3.25&#8243; width=&#8221;100%&#8221; width_tablet=&#8221;100%&#8221; width_last_edited=&#8221;on|desktop&#8221; max_width=&#8221;100%&#8221; max_width_tablet=&#8221;100%&#8221; max_width_last_edited=&#8221;on|desktop&#8221; custom_margin=&#8221;0px||0px||true&#8221; custom_padding=&#8221;0px||0px||true&#8221; make_fullwidth=&#8221;on&#8221; _i=&#8221;0&#8243; _address=&#8221;0.0&#8243;][et_pb_column type=&#8221;4_4&#8243; _builder_version=&#8221;3.25&#8243; custom_padding=&#8221;|||&#8221; custom_padding__hover=&#8221;|||&#8221; _i=&#8221;0&#8243; _address=&#8221;0.0.0&#8243;][et_pb_slider _builder_version=&#8221;3.27.4&#8243; header_font=&#8221;|300|||||||&#8221; header_font_size=&#8221;24px&#8221; body_font=&#8221;|700|||||||&#8221; body_font_size=&#8221;54px&#8221; body_line_height=&#8221;1.2em&#8221; content_max_width=&#8221;950px&#8221; custom_margin=&#8221;0px||0px||true&#8221; custom_padding=&#8221;160px||160px||true|false&#8221; custom_padding_tablet=&#8221;120px||120px||true&#8221; custom_padding_phone=&#8221;80px||80px||true&#8221; custom_padding_last_edited=&#8221;on|desktop&#8221; auto=&#8221;on&#8221; auto_speed=&#8221;6000&#8243; auto_ignore_hover=&#8221;on&#8221; hover_enabled=&#8221;0&#8243; header_font_size_tablet=&#8221;24px&#8221; header_font_size_phone=&#8221;20px&#8221; header_font_size_last_edited=&#8221;on|tablet&#8221; body_font_size_tablet=&#8221;42px&#8221; body_font_size_phone=&#8221;35px&#8221; body_font_size_last_edited=&#8221;on|desktop&#8221; _i=&#8221;0&#8243; _address=&#8221;0.0.0.0&#8243;][et_pb_slide heading=&#8221;\u2014 DEP\u00d3SITOS \u2014&#8221; button_text=&#8221;Saber mas&#8221; button_link=&#8221;https:\/\/soplacas.com\/es\/reservatorios-stank\/&#8221; use_bg_overlay=&#8221;on&#8221; bg_overlay_color=&#8221;rgba(0,0,0,0.4)&#8221; admin_title=&#8221;Slider 01&#8243; _builder_version=&#8221;3.27.4&#8243; background_color=&#8221;rgba(0,0,0,0)&#8221; background_image=&#8221;https:\/\/soplacas.com\/es\/wp-content\/uploads\/2019\/09\/SP_Slider_04.jpg&#8221; background_enable_image=&#8221;on&#8221; hover_enabled=&#8221;0&#8243; _i=&#8221;0&#8243; _address=&#8221;0.0.0.0.0&#8243;]<\/p>\n<p style=\"padding-bottom: 10px;\">Tanques con diferentes tama\u00f1os y aplicaciones.<\/p>\n<p>[\/et_pb_slide][et_pb_slide heading=&#8221;\u2014 PAVIMENTOS DECORATIVOS \u2014&#8221; button_text=&#8221;Saber mas&#8221; button_link=&#8221;https:\/\/soplacas.com\/es\/pavimentos-decorativos\/&#8221; use_bg_overlay=&#8221;on&#8221; bg_overlay_color=&#8221;rgba(0,0,0,0.4)&#8221; admin_title=&#8221;Slider 02&#8243; _builder_version=&#8221;3.27.4&#8243; background_color=&#8221;rgba(0,0,0,0)&#8221; background_image=&#8221;https:\/\/soplacas.com\/es\/wp-content\/uploads\/2019\/09\/SP_Slider_01.jpg&#8221; background_enable_image=&#8221;on&#8221; hover_enabled=&#8221;0&#8243; _i=&#8221;1&#8243; _address=&#8221;0.0.0.0.1&#8243;]<\/p>\n<p style=\"padding-bottom: 10px;\">El suelo es en el centro de las actividades de Soplacas<\/p>\n<p>[\/et_pb_slide][et_pb_slide heading=&#8221;\u2014 MUROS DE CONTENCI\u00d3N \u2014&#8221; button_text=&#8221;Saber mas&#8221; button_link=&#8221;https:\/\/soplacas.com\/es\/muros-de-contencao\/&#8221; use_bg_overlay=&#8221;on&#8221; bg_overlay_color=&#8221;rgba(0,0,0,0.4)&#8221; admin_title=&#8221;Slider 03&#8243; _builder_version=&#8221;3.27.4&#8243; background_color=&#8221;rgba(0,0,0,0)&#8221; background_image=&#8221;https:\/\/soplacas.com\/es\/wp-content\/uploads\/2019\/09\/SP_Slider_03.jpg&#8221; background_enable_image=&#8221;on&#8221; hover_enabled=&#8221;0&#8243; _i=&#8221;2&#8243; _address=&#8221;0.0.0.0.2&#8243;]<\/p>\n<p style=\"padding-bottom: 10px;\">Los expertos en la construcci\u00f3n de muros de contenci\u00f3n<\/p>\n<p>[\/et_pb_slide][\/et_pb_slider][\/et_pb_column][\/et_pb_row][\/et_pb_section][et_pb_section fb_built=&#8221;1&#8243; custom_padding_last_edited=&#8221;on|desktop&#8221; _builder_version=&#8221;3.27.4&#8243; background_enable_color=&#8221;off&#8221; custom_margin=&#8221;0px||0px||true|false&#8221; custom_padding=&#8221;90px||90px||true|false&#8221; custom_padding_tablet=&#8221;80px||80px||true|false&#8221; custom_padding_phone=&#8221;60px||60px||true|false&#8221; locked=&#8221;off&#8221; fb_built=&#8221;1&#8243; _i=&#8221;1&#8243; _address=&#8221;1&#8243;][et_pb_row custom_padding_last_edited=&#8221;off|desktop&#8221; _builder_version=&#8221;3.27.4&#8243; custom_margin=&#8221;0px||0px||true|false&#8221; custom_padding=&#8221;0px||0px||true|false&#8221; custom_padding_tablet=&#8221;||70px||false|false&#8221; custom_padding_phone=&#8221;||60px||false|false&#8221; locked=&#8221;off&#8221; _i=&#8221;0&#8243; _address=&#8221;1.0&#8243;][et_pb_column type=&#8221;4_4&#8243; _builder_version=&#8221;3.27.3&#8243; _i=&#8221;0&#8243; _address=&#8221;1.0.0&#8243;][et_pb_text _builder_version=&#8221;3.27.4&#8243; header_2_font=&#8221;||||||||&#8221; header_2_font_size=&#8221;24px&#8221; header_2_line_height=&#8221;1.3em&#8221; text_orientation=&#8221;center&#8221; max_width=&#8221;830px&#8221; module_alignment=&#8221;center&#8221; custom_margin=&#8221;0px||0px||true|false&#8221; custom_padding=&#8221;0px||0px||true|false&#8221; hover_enabled=&#8221;0&#8243; header_2_font_size_tablet=&#8221;22px&#8221; header_2_font_size_phone=&#8221;20px&#8221; header_2_font_size_last_edited=&#8221;on|desktop&#8221; text_text_align=&#8221;center&#8221; _i=&#8221;0&#8243; _address=&#8221;1.0.0.0&#8243;]<\/p>\n<p style=\"padding-bottom: 10px; text-transform: uppercase;\">Concrete Solutions for Water &amp; Enviroment<\/p>\n<h2 style=\"padding-bottom: 0px;\"><strong>Soplacas<\/strong> es una empresa portuguesa especializada en la <strong>prefabricaci\u00f3n de soluciones de hormig\u00f3n<\/strong>, que naci\u00f3 en 1968 en Ab\u00f3boda, municipio de Cascais, que tambi\u00e9n opera en Espa\u00f1a y Cabo Verde.<\/h2>\n<p>[\/et_pb_text][\/et_pb_column][\/et_pb_row][\/et_pb_section][et_pb_section fb_built=&#8221;1&#8243; custom_padding_last_edited=&#8221;on|phone&#8221; disabled_on=&#8221;off|off|off&#8221; _builder_version=&#8221;3.26&#8243; background_color=&#8221;#f2f2f2&#8243; custom_margin=&#8221;0px||0px||true&#8221; custom_padding=&#8221;80px||80px||true|false&#8221; custom_padding_tablet=&#8221;70px||70px||true&#8221; custom_padding_phone=&#8221;60px||60px||true&#8221; locked=&#8221;off&#8221; fb_built=&#8221;1&#8243; _i=&#8221;2&#8243; _address=&#8221;2&#8243;][et_pb_row use_custom_gutter=&#8221;on&#8221; gutter_width=&#8221;2&#8243; _builder_version=&#8221;3.26&#8243; width=&#8221;90%&#8221; max_width=&#8221;1200px&#8221; custom_margin=&#8221;0px||0px||true&#8221; custom_padding=&#8221;0px||0px||true&#8221; custom_css_main_element=&#8221;width: 90%;&#8221; use_custom_width=&#8221;on&#8221; custom_width_px=&#8221;1150px&#8221; _i=&#8221;0&#8243; _address=&#8221;2.0&#8243;][et_pb_column type=&#8221;4_4&#8243; _builder_version=&#8221;3.25&#8243; custom_padding=&#8221;|||&#8221; custom_padding__hover=&#8221;|||&#8221; _i=&#8221;0&#8243; _address=&#8221;2.0.0&#8243;][et_pb_text _builder_version=&#8221;3.27.4&#8243; text_font=&#8221;||||||||&#8221; header_font=&#8221;||||||||&#8221; header_text_align=&#8221;center&#8221; text_orientation=&#8221;center&#8221; custom_margin=&#8221;0px||0px||true&#8221; custom_padding=&#8221;0px||0px||true&#8221; hover_enabled=&#8221;0&#8243; _i=&#8221;0&#8243; _address=&#8221;2.0.0.0&#8243;]<\/p>\n<h1 style=\"padding-bottom: 0px;\">Destacados<\/h1>\n<p>[\/et_pb_text][et_pb_divider divider_position=&#8221;center&#8221; divider_weight=&#8221;3px&#8221; _builder_version=&#8221;3.27.4&#8243; max_width=&#8221;65px&#8221; module_alignment=&#8221;center&#8221; height=&#8221;35px&#8221; custom_margin=&#8221;0px||15px||false|false&#8221; custom_padding=&#8221;0px||0px||true&#8221; locked=&#8221;off&#8221; _i=&#8221;1&#8243; _address=&#8221;2.0.0.1&#8243;][\/et_pb_divider][et_pb_blog fullwidth=&#8221;off&#8221; posts_number=&#8221;3&#8243; excerpt_length=&#8221;85&#8243; show_author=&#8221;off&#8221; show_date=&#8221;off&#8221; show_categories=&#8221;off&#8221; show_pagination=&#8221;off&#8221; use_overlay=&#8221;on&#8221; hover_overlay_color=&#8221;rgba(255,255,255,0.6)&#8221; module_class=&#8221;BaseNot&#8221; _builder_version=&#8221;3.27.4&#8243; header_level=&#8221;h6&#8243; header_font=&#8221;|700|||||||&#8221; header_text_align=&#8221;left&#8221; header_text_color=&#8221;#1f9bde&#8221; header_font_size=&#8221;16px&#8221; body_font=&#8221;||||||||&#8221; border_radii=&#8221;on|5px|5px|5px|5px&#8221; border_width_all=&#8221;10px&#8221; border_color_all=&#8221;#ffffff&#8221; box_shadow_style=&#8221;preset3&#8243; box_shadow_color=&#8221;rgba(0,0,0,0.2)&#8221; custom_margin=&#8221;0px||0px||true&#8221; custom_padding=&#8221;0px||0px||true&#8221; _i=&#8221;2&#8243; _address=&#8221;2.0.0.2&#8243;][\/et_pb_blog][et_pb_button button_url=&#8221;https:\/\/soplacas.com\/es\/novidades\/&#8221; button_text=&#8221;Ver m\u00e1s destacados&#8221; button_alignment=&#8221;center&#8221; _builder_version=&#8221;3.27.4&#8243; custom_margin=&#8221;20px||0px||false&#8221; hover_enabled=&#8221;0&#8243; _i=&#8221;3&#8243; _address=&#8221;2.0.0.3&#8243;][\/et_pb_button][\/et_pb_column][\/et_pb_row][\/et_pb_section][et_pb_section fb_built=&#8221;1&#8243; custom_padding_last_edited=&#8221;on|desktop&#8221; _builder_version=&#8221;3.27.4&#8243; background_image=&#8221;https:\/\/soplacas.com\/es\/wp-content\/uploads\/2019\/09\/SP_Footer_Paralax_01.jpg&#8221; parallax=&#8221;on&#8221; parallax_method=&#8221;off&#8221; custom_margin=&#8221;0px|0px|0px|0px|true|true&#8221; custom_padding=&#8221;120px|0px|120px|0px|true|true&#8221; custom_padding_tablet=&#8221;100px||100px||true|true&#8221; custom_padding_phone=&#8221;80px||80px||true|true&#8221; global_module=&#8221;41206&#8243; saved_tabs=&#8221;all&#8221; fb_built=&#8221;1&#8243; _i=&#8221;0&#8243; _address=&#8221;3&#8243;][et_pb_row module_class=&#8221;btcolor02&#8243; _builder_version=&#8221;3.27.3&#8243; width=&#8221;90%&#8221; custom_margin=&#8221;0px||0px||true|false&#8221; custom_padding=&#8221;0px||0px||true|false&#8221; _i=&#8221;0&#8243; _address=&#8221;3.0&#8243;][et_pb_column type=&#8221;4_4&#8243; _builder_version=&#8221;3.27.3&#8243; _i=&#8221;0&#8243; _address=&#8221;3.0.0&#8243;][et_pb_text _builder_version=&#8221;3.27.4&#8243; header_font=&#8221;|700||on|||||&#8221; header_text_align=&#8221;center&#8221; header_font_size=&#8221;31px&#8221; header_2_font_size=&#8221;25px&#8221; text_orientation=&#8221;center&#8221; background_layout=&#8221;dark&#8221; custom_margin=&#8221;0px||0px||true|false&#8221; custom_padding=&#8221;0px||0px||true|false&#8221; header_font_size_tablet=&#8221;25px&#8221; header_font_size_phone=&#8221;22px&#8221; header_font_size_last_edited=&#8221;on|desktop&#8221; header_2_font_size_tablet=&#8221;22px&#8221; header_2_font_size_phone=&#8221;18px&#8221; header_2_font_size_last_edited=&#8221;on|desktop&#8221; _i=&#8221;0&#8243; _address=&#8221;3.0.0.0&#8243;]<\/p>\n<h2 style=\"padding-bottom: 15px;\">Interesado en nuestros productos?<\/h2>\n<h1 style=\"padding-bottom: 0px;\">Solicitar un presupuesto gratuito<\/h1>\n<p>[\/et_pb_text][\/et_pb_column][\/et_pb_row][et_pb_row use_custom_gutter=&#8221;on&#8221; gutter_width=&#8221;2&#8243; _builder_version=&#8221;3.27.4&#8243; max_width=&#8221;530px&#8221; custom_margin=&#8221;0px||0px||true|false&#8221; custom_padding=&#8221;25px||35px||false|false&#8221; _i=&#8221;1&#8243; _address=&#8221;3.1&#8243;][et_pb_column type=&#8221;4_4&#8243; _builder_version=&#8221;3.27.3&#8243; _i=&#8221;0&#8243; _address=&#8221;3.1.0&#8243;][et_pb_text module_class=&#8221;linkcont01&#8243; _builder_version=&#8221;3.27.4&#8243; text_font=&#8221;|700|||||||&#8221; text_font_size=&#8221;22px&#8221; header_font=&#8221;||||||||&#8221; text_orientation=&#8221;center&#8221; background_layout=&#8221;dark&#8221; max_width=&#8221;730px&#8221; module_alignment=&#8221;center&#8221; custom_margin=&#8221;0px||0px||true&#8221; custom_padding=&#8221;0px||0px||true&#8221; text_font_size_tablet=&#8221;20px&#8221; text_font_size_last_edited=&#8221;on|desktop&#8221; _i=&#8221;0&#8243; _address=&#8221;3.1.0.0&#8243;]T. <a class=\"linkparalax01\" href=\"tel:214 481 700\">214 481 700<\/a> <a href=\"mailto:info@soplacas.com\">info@soplacas.com<\/a>[\/et_pb_text][\/et_pb_column][\/et_pb_row][et_pb_row module_class=&#8221;btcolor02&#8243; _builder_version=&#8221;3.27.3&#8243; custom_margin=&#8221;0px||0px||true&#8221; custom_padding=&#8221;0px||0px||true&#8221; _i=&#8221;2&#8243; _address=&#8221;3.2&#8243;][et_pb_column type=&#8221;4_4&#8243; _builder_version=&#8221;3.25&#8243; custom_padding=&#8221;|||&#8221; custom_padding__hover=&#8221;|||&#8221; _i=&#8221;0&#8243; _address=&#8221;3.2.0&#8243;][et_pb_button button_url=&#8221;https:\/\/soplacas.com\/es\/contactos\/&#8221; button_text=&#8221;Solicitar presupuesto&#8221; button_alignment=&#8221;center&#8221; _builder_version=&#8221;3.27.4&#8243; custom_margin=&#8221;0px||0px||true&#8221; _i=&#8221;0&#8243; _address=&#8221;3.2.0.0&#8243;][\/et_pb_button][\/et_pb_column][\/et_pb_row][\/et_pb_section][et_pb_section fb_built=&#8221;1&#8243; disabled_on=&#8221;off|off|off&#8221; _builder_version=&#8221;3.27.3&#8243; background_color=&#8221;#ffffff&#8221; custom_margin=&#8221;0px|0px|0px|0px|true|true&#8221; custom_padding=&#8221;0px|0px|0px|0px|true|true&#8221; custom_padding_tablet=&#8221;0px||0px|&#8221; global_module=&#8221;41197&#8243; saved_tabs=&#8221;all&#8221; fb_built=&#8221;1&#8243; _i=&#8221;0&#8243; _address=&#8221;4&#8243;][et_pb_row column_structure=&#8221;3_5,2_5&#8243; column_padding_mobile=&#8221;on&#8221; custom_padding_last_edited=&#8221;on|desktop&#8221; module_class=&#8221; et_pb_row_fullwidth&#8221; _builder_version=&#8221;3.27.3&#8243; background_size=&#8221;initial&#8221; background_position=&#8221;top_left&#8221; background_repeat=&#8221;repeat&#8221; width=&#8221;95%&#8221; max_width=&#8221;95%&#8221; module_alignment=&#8221;center&#8221; custom_margin=&#8221;0px|0px|0px|0px|true|true&#8221; custom_padding=&#8221;40px|0px|40px|0px|true|true&#8221; custom_padding_tablet=&#8221;|25px||25px|true|true&#8221; custom_padding_phone=&#8221;||||true|true&#8221; make_fullwidth=&#8221;on&#8221; _i=&#8221;0&#8243; _address=&#8221;4.0&#8243;][et_pb_column type=&#8221;3_5&#8243; _builder_version=&#8221;3.25&#8243; custom_padding=&#8221;|||&#8221; custom_padding__hover=&#8221;|||&#8221; _i=&#8221;0&#8243; _address=&#8221;4.0.0&#8243;][et_pb_text admin_label=&#8221;Rodape nome do site&#8221; module_class=&#8221;LinkFooterBranco&#8221; _builder_version=&#8221;3.27.4&#8243; text_font=&#8221;||||||||&#8221; text_font_size=&#8221;12px&#8221; text_line_height=&#8221;1.4em&#8221; background_size=&#8221;initial&#8221; background_position=&#8221;top_left&#8221; background_repeat=&#8221;repeat&#8221; custom_margin=&#8221;0px||0px||true&#8221; custom_padding=&#8221;0px||0px||true&#8221; text_text_align=&#8221;left&#8221; text_text_align_tablet=&#8221;center&#8221; text_text_align_last_edited=&#8221;on|desktop&#8221; _i=&#8221;0&#8243; _address=&#8221;4.0.0.0&#8243;]<\/p>\n<p style=\"padding-bottom: 8px; font-size: 14px;\">\u00a9 Soplacas &#8211; Water &#038; Environment<\/p>\n<p style=\"padding-bottom: 2px;\"><a target=\"_blank\" href=\"https:\/\/www.livroreclamacoes.pt\/inicio\" rel=\"noopener noreferrer\">Livro de reclama\u00e7\u00f5es<\/a> \u00a0\u00a0 <a href=\"https:\/\/soplacas.com\/es\/protecao-de-dados\/#RLO\">Resolu\u00e7\u00e3o lit\u00edgios online<\/a> \u00a0\u00a0 <a href=\"https:\/\/soplacas.com\/es\/protecao-de-dados\/#PP\"> Privacidade<\/a> \u00a0\u00a0 <a href=\"https:\/\/soplacas.com\/es\/protecao-de-dados\/#PC\">Cookies<\/a><\/p>\n<p style=\"padding-bottom: 0px;\">webdesign by: <a href=\"https:\/\/criativo.net\/\" target=\"_blank\" rel=\"noopener noreferrer\">criativo.net<\/a><\/p>\n<p>[\/et_pb_text][\/et_pb_column][et_pb_column type=&#8221;2_5&#8243; _builder_version=&#8221;3.25&#8243; custom_padding=&#8221;|||&#8221; custom_padding__hover=&#8221;|||&#8221; _i=&#8221;1&#8243; _address=&#8221;4.0.1&#8243;][et_pb_social_media_follow use_icon_font_size=&#8221;on&#8221; icon_font_size=&#8221;15px&#8221; _builder_version=&#8221;3.27.3&#8243; border_radii=&#8221;on|50px|50px|50px|50px&#8221; text_orientation=&#8221;right&#8221; custom_margin=&#8221;0px||0px||true|false&#8221; custom_padding=&#8221;0px||0px||true|false&#8221; text_orientation_tablet=&#8221;center&#8221; text_orientation_last_edited=&#8221;on|desktop&#8221; _i=&#8221;0&#8243; _address=&#8221;4.0.1.0&#8243;][et_pb_social_media_follow_network social_network=&#8221;facebook&#8221; _builder_version=&#8221;3.27.3&#8243; background_color=&#8221;#3b5998&#8243; custom_margin=&#8221;0px|0px|0px|0px|true|true&#8221; custom_padding=&#8221;0px|0px|0px|0px|true|true&#8221; hover_enabled=&#8221;0&#8243; follow_button=&#8221;off&#8221; url_new_window=&#8221;on&#8221; _i=&#8221;0&#8243; _address=&#8221;4.0.1.0.0&#8243;]facebook[\/et_pb_social_media_follow_network][et_pb_social_media_follow_network social_network=&#8221;instagram&#8221; _builder_version=&#8221;3.27.3&#8243; background_color=&#8221;#ea2c59&#8243; custom_margin=&#8221;0px|0px|0px|0px|true|true&#8221; custom_padding=&#8221;0px|0px|0px|0px|true|true&#8221; hover_enabled=&#8221;0&#8243; follow_button=&#8221;off&#8221; url_new_window=&#8221;on&#8221; _i=&#8221;1&#8243; _address=&#8221;4.0.1.0.1&#8243;]instagram[\/et_pb_social_media_follow_network][\/et_pb_social_media_follow][et_pb_image src=&#8221;https:\/\/soplacas.com\/es\/wp-content\/uploads\/2019\/01\/certificado-ssl-pt.png&#8221; align=&#8221;right&#8221; align_tablet=&#8221;center&#8221; align_last_edited=&#8221;on|desktop&#8221; disabled_on=&#8221;on|on|off&#8221; _builder_version=&#8221;3.27.3&#8243; custom_margin=&#8221;-33px|90px|0px|0px|false|false&#8221; custom_margin_tablet=&#8221;20px|0px||0px|false|true&#8221; custom_margin_last_edited=&#8221;on|tablet&#8221; custom_padding=&#8221;0px|0px|0px|0px|true|true&#8221; _i=&#8221;1&#8243; _address=&#8221;4.0.1.1&#8243;][\/et_pb_image][\/et_pb_column][\/et_pb_row][\/et_pb_section]<\/p>\n","protected":false},"excerpt":{"rendered":"<p>[et_pb_section fb_built=&#8221;1&#8243; _builder_version=&#8221;3.22.3&#8243; custom_margin=&#8221;0px||0px||true&#8221; custom_padding=&#8221;0px||0px||true&#8221; locked=&#8221;off&#8221; fb_built=&#8221;1&#8243; _i=&#8221;0&#8243; _address=&#8221;0&#8243;][et_pb_row use_custom_gutter=&#8221;on&#8221; gutter_width=&#8221;1&#8243; module_class=&#8221; et_pb_row_fullwidth&#8221; _builder_version=&#8221;3.25&#8243; width=&#8221;100%&#8221; width_tablet=&#8221;100%&#8221; width_last_edited=&#8221;on|desktop&#8221; max_width=&#8221;100%&#8221; max_width_tablet=&#8221;100%&#8221; max_width_last_edited=&#8221;on|desktop&#8221; custom_margin=&#8221;0px||0px||true&#8221; custom_padding=&#8221;0px||0px||true&#8221; make_fullwidth=&#8221;on&#8221; _i=&#8221;0&#8243; _address=&#8221;0.0&#8243;][et_pb_column type=&#8221;4_4&#8243; _builder_version=&#8221;3.25&#8243; custom_padding=&#8221;|||&#8221; custom_padding__hover=&#8221;|||&#8221; _i=&#8221;0&#8243; _address=&#8221;0.0.0&#8243;][et_pb_slider _builder_version=&#8221;3.27.4&#8243; header_font=&#8221;|300|||||||&#8221; header_font_size=&#8221;24px&#8221; body_font=&#8221;|700|||||||&#8221; body_font_size=&#8221;54px&#8221; body_line_height=&#8221;1.2em&#8221; content_max_width=&#8221;950px&#8221; custom_margin=&#8221;0px||0px||true&#8221; custom_padding=&#8221;160px||160px||true|false&#8221; custom_padding_tablet=&#8221;120px||120px||true&#8221; custom_padding_phone=&#8221;80px||80px||true&#8221; custom_padding_last_edited=&#8221;on|desktop&#8221; auto=&#8221;on&#8221; auto_speed=&#8221;6000&#8243; auto_ignore_hover=&#8221;on&#8221; hover_enabled=&#8221;0&#8243; header_font_size_tablet=&#8221;24px&#8221; header_font_size_phone=&#8221;20px&#8221; header_font_size_last_edited=&#8221;on|tablet&#8221; body_font_size_tablet=&#8221;42px&#8221; body_font_size_phone=&#8221;35px&#8221; body_font_size_last_edited=&#8221;on|desktop&#8221; _i=&#8221;0&#8243; _address=&#8221;0.0.0.0&#8243;][et_pb_slide [&hellip;]<\/p>\n","protected":false},"author":3,"featured_media":0,"parent":0,"menu_order":0,"comment_status":"closed","ping_status":"closed","template":"","meta":{"_et_pb_use_builder":"on","_et_pb_old_content":"","_et_gb_content_width":""},"_links":{"self":[{"href":"https:\/\/soplacas.com\/es\/wp-json\/wp\/v2\/pages\/40600"}],"collection":[{"href":"https:\/\/soplacas.com\/es\/wp-json\/wp\/v2\/pages"}],"about":[{"href":"https:\/\/soplacas.com\/es\/wp-json\/wp\/v2\/types\/page"}],"author":[{"embeddable":true,"href":"https:\/\/soplacas.com\/es\/wp-json\/wp\/v2\/users\/3"}],"replies":[{"embeddable":true,"href":"https:\/\/soplacas.com\/es\/wp-json\/wp\/v2\/comments?post=40600"}],"version-history":[{"count":34,"href":"https:\/\/soplacas.com\/es\/wp-json\/wp\/v2\/pages\/40600\/revisions"}],"predecessor-version":[{"id":41904,"href":"https:\/\/soplacas.com\/es\/wp-json\/wp\/v2\/pages\/40600\/revisions\/41904"}],"wp:attachment":[{"href":"https:\/\/soplacas.com\/es\/wp-json\/wp\/v2\/media?parent=40600"}],"curies":[{"name":"wp","href":"https:\/\/api.w.org\/{rel}","templated":true}]}}